{"id":802,"date":"2019-05-22T09:33:10","date_gmt":"2019-05-22T13:33:10","guid":{"rendered":"https:\/\/mrctcenter.org\/clinical-trial-competency\/?page_id=802"},"modified":"2019-05-22T09:33:10","modified_gmt":"2019-05-22T13:33:10","slug":"spanish-2","status":"publish","type":"page","link":"https:\/\/mrctcenter.org\/clinical-trial-competency\/framework\/translations\/spanish-2\/","title":{"rendered":"Spanish"},"content":{"rendered":"<section class=\"wpb-content-wrapper\"><p>[vc_row css=&#8221;.vc_custom_1586364754811{padding-top: -50px !important;}&#8221;][vc_column][vc_empty_space][vc_column_text]<\/p>\n<h2><strong>El Joint Task Force for Clinical Trial Competency (JTF)<\/strong><\/h2>\n<p>[\/vc_column_text][\/vc_column][\/vc_row][vc_row][vc_column width=&#8221;1\/3&#8243;][vc_column_text]El Joint Task Force for Clinical Trial Competency (JTF) es un equipo internacional de investigadores, educadores y profesionales de la investigaci\u00f3n cl\u00ednica que est\u00e1n comprometidos a proveer investigadores con la direcci\u00f3n y herramientas para asegurar la competencia profesional de todos miembros del equipo de la investigaci\u00f3n. El diagrama de la \u201crueda\u201d representa el JTF Marco de Competencias que consiste en 8 Dominios de Competencia.[\/vc_column_text][vc_column_text]<\/p>\n<h2>Dominios y las Competencias<\/h2>\n<p class=\"tw-data-text tw-text-large tw-ta\" dir=\"ltr\" data-placeholder=\"Translation\"><span lang=\"es\">Haciendo clic en cada dominio a la derecha se mostrar\u00e1 las declaraciones espec\u00edficas de competencia que detallan las competencias b\u00e1sicas requeridas en los niveles B\u00e1sicos, Medios y Expertos para llevar a cabo investigaci\u00f3n cl\u00ednica seguro, \u00e9tico y efectivo.\u00a0<\/span><span lang=\"es\">Vea la lista completa de dominios y competencias\u00a0<\/span><a href=\"https:\/\/mrctcenter.org\/clinical-trial-competency\/wp-content\/uploads\/sites\/4\/2019\/05\/2017-09-01-Espa%C3%B1ol-Competency-Framework-Version2.0-esp-002.pdf\" target=\"_blank\" rel=\"noopener noreferrer\">aqu\u00ed<\/a>.<\/p>\n<p>[\/vc_column_text][vc_btn title=&#8221;DESCARGUE&#8221; style=&#8221;outline-custom&#8221; outline_custom_color=&#8221;#1a94b2&#8243; outline_custom_hover_background=&#8221;#9fdcea&#8221; outline_custom_hover_text=&#8221;#1a94b2&#8243; shape=&#8221;square&#8221; align=&#8221;center&#8221; button_block=&#8221;true&#8221; link=&#8221;url:https%3A%2F%2Fmrctcenter.org%2Fclinical-trial-competency%2Fwp-content%2Fuploads%2Fsites%2F5%2F2022%2F07%2F2019-05-20c_Version-3.0_Core-Competencies-Leveling-Summary-Spanish-APEIC-003-CC-added.pdf|target:_blank&#8221;][vc_column_text css=&#8221;.vc_custom_1630543638002{margin-top: -20px !important;}&#8221;]<\/p>\n<p style=\"text-align: center\"><a href=\"https:\/\/mrctcenter.org\/clinical-trial-competency\/wp-content\/uploads\/sites\/4\/2021\/09\/2019-05-20b_Version-3.0_Core-Competencies-Leveling-Summary-Spanish-APEIC-003.pdf\" target=\"_blank\" rel=\"noopener noreferrer\">Descargue<\/a> el marco de competencias de nivel JTF<\/p>\n<p>[\/vc_column_text][\/vc_column][vc_column width=&#8221;2\/3&#8243;][vc_raw_html]JTNDZmlndXJlJTIwaWQlM0R3aGVlbCUzRSUwQSUwOSUzQ3N2ZyUyMHZlcnNpb24lM0QlMjIxLjElMjIlMjB4bWxucyUzRCUyMmh0dHAlM0ElMkYlMkZ3d3cudzMub3JnJTJGMjAwMCUyRnN2ZyUyMiUyMHhtbG5zJTNBeGxpbmslM0QlMjJodHRwJTNBJTJGJTJGd3d3LnczLm9yZyUyRjE5OTklMkZ4bGluayUyMiUyMHZpZXdCb3glM0QlMjIxMDAlMjA1MCUyMDQwMCUyMDQwMCUyMiUyMHByZXNlcnZlQXNwZWN0UmF0aW8lM0QlMjJ4TWluWU1pbiUyMG1lZXQlMjIlMjAlM0UlMEElMDklM0NpbWFnZSUyMHdpZHRoJTNEJTIyMzcwJTIyJTIwaGVpZ2h0JTNEJTIyMzcwJTIyJTIweGxpbmslM0FocmVmJTNEJTIyaHR0cHMlM0ElMkYlMkZtcmN0Y2VudGVyLm9yZyUyRmNsaW5pY2FsLXRyaWFsLWNvbXBldGVuY3klMkZ3cC1jb250ZW50JTJGdXBsb2FkcyUyRnNpdGVzJTJGNSUyRjIwMTklMkYwNSUyRlNwYW5pc2hXaGVlbExvZ29zLTEtZTE1NTg1MzE3NTM4NzkucG5nJTIyJTIweCUzRCUyMjExNSUyMiUyMHklM0QlMjI2MiUyMiUzRSUwQSUwOSUzQyUyRmltYWdlJTNFJTBBJTA5JTNDYSUyMGlkJTNEJTIyc3ZnXzE2JTIyJTIweGxpbmslM0FocmVmJTNEJTIyaHR0cHMlM0ElMkYlMkZtcmN0Y2VudGVyLm9yZyUyRmNsaW5pY2FsLXRyaWFsLWNvbXBldGVuY3klMkZmcmFtZXdvcmslMkZkb21haW5zLXNwYW5pc2glMkYlMjNkb21haW4xJTIyJTNFJTBBJTIwJTIwJTIwJTNDcGF0aCUyMGQlM0QlMjJtMjQ3Ljg3NDk5MSUyQzczLjk2MzA1OWMwJTJDMCUyMDIlMkMxMDglMjAyJTJDMTA4YzAlMkMwJTIwMTA5JTJDLTExMiUyMDEwOSUyQy0xMTJjMCUyQzAlMjAtMTExJTJDNCUyMC0xMTElMkM0eiUyMiUyMGZpbGwlM0QlMjIlMjNmZjAwMDAlMjIlMjBmaWxsLW9wYWNpdHklM0QlMjIwJTIyJTIwaWQlM0QlMjJzdmdfNyUyMiUyMHN0cm9rZSUzRCUyMiUyMzAwMDAwMCUyMiUyMHN0cm9rZS1vcGFjaXR5JTNEJTIyMCUyMiUyMHN0cm9rZS13aWR0aCUzRCUyMjUlMjIlMkYlM0UlMEElMjAlMjAlM0MlMkZhJTNFJTBBJTIwJTIwJTNDYSUyMGlkJTNEJTIyc3ZnXzE3JTIyJTIweGxpbmslM0FocmVmJTNEJTIyaHR0cHMlM0ElMkYlMkZtcmN0Y2VudGVyLm9yZyUyRmNsaW5pY2FsLXRyaWFsLWNvbXBldGVuY3klMkZmcmFtZXdvcmslMkZkb21haW5zLXNwYW5pc2glMkYlMjNkb21haW4yJTIyJTNFJTBBJTIwJTIwJTIwJTNDcGF0aCUyMGQlM0QlMjJtNDM4Ljg3NDk5MSUyQzE0OS45NjMwNTljMCUyQzAlMjAtMTQ5JTJDMyUyMC0xNDklMkMzYzAlMkMwJTIwNzYlMkMtNzclMjA3NS4xMjUwMDklMkMtNzcuOTYzMDU5Yy0wLjg3NDk5MSUyQy0wLjk2MzA1OSUyMDczLjg3NDk5MSUyQzc0Ljk2MzA1OSUyMDczLjg3NDk5MSUyQzc0Ljk2MzA1OXolMjIlMjBmaWxsJTNEJTIyJTIzZmYwMDAwJTIyJTIwZmlsbC1vcGFjaXR5JTNEJTIyMC4wNCUyMiUyMGlkJTNEJTIyc3ZnXzglMjIlMjBzdHJva2UlM0QlMjIlMjMwMDAwMDAlMjIlMjBzdHJva2Utb3BhY2l0eSUzRCUyMjAlMjIlMjBzdHJva2Utd2lkdGglM0QlMjI1JTIyJTJGJTNFJTBBJTIwJTIwJTNDJTJGYSUzRSUwQSUyMCUyMCUzQ2ElMjBpZCUzRCUyMnN2Z18xOCUyMiUyMHhsaW5rJTNBaHJlZiUzRCUyMmh0dHBzJTNBJTJGJTJGbXJjdGNlbnRlci5vcmclMkZjbGluaWNhbC10cmlhbC1jb21wZXRlbmN5JTJGZnJhbWV3b3JrJTJGZG9tYWlucy1zcGFuaXNoJTJGJTIzZG9tYWluMyUyMiUzRSUwQSUyMCUyMCUyMCUzQ3BhdGglMjBkJTNEJTIybTMzNi44NzQ5OTElMkMxNTcuOTYzMDU5YzAlMkMwJTIwMTEwJTJDMTA5JTIwMTEwJTJDMTA5YzAlMkMwJTIwMyUyQy0xMDklMjAzJTJDLTEwOWMwJTJDMCUyMC0xMTMlMkMwJTIwLTExMyUyQzB6JTIyJTIwZmlsbCUzRCUyMiUyM2ZmMDAwMCUyMiUyMGZpbGwtb3BhY2l0eSUzRCUyMjAuMDIlMjIlMjBpZCUzRCUyMnN2Z185JTIyJTIwc3Ryb2tlJTNEJTIyJTIzMDAwMDAwJTIyJTIwc3Ryb2tlLW9wYWNpdHklM0QlMjIwJTIyJTIwc3Ryb2tlLXdpZHRoJTNEJTIyNSUyMiUyRiUzRSUwQSUyMCUyMCUzQyUyRmElM0UlMEElMjAlMjAlM0NhJTIwaWQlM0QlMjJzdmdfMTklMjIlMjB4bGluayUzQWhyZWYlM0QlMjJodHRwcyUzQSUyRiUyRm1yY3RjZW50ZXIub3JnJTJGY2xpbmljYWwtdHJpYWwtY29tcGV0ZW5jeSUyRmZyYW1ld29yayUyRmRvbWFpbnMtc3BhbmlzaCUyRiUyM2RvbWFpbjQlMjIlM0UlMEElMjAlMjAlMjAlM0NwYXRoJTIwZCUzRCUyMm0zNjguODc0OTkxJTJDMTk3Ljk2MzA1OWMwJTJDMCUyMDc2JTJDNzglMjA3NiUyQzc4YzAlMkMwJTIwLTc1JTJDNzMlMjAtNzUlMkM3M2MwJTJDMCUyMC0xJTJDLTE1MSUyMC0xJTJDLTE1MXolMjIlMjBmaWxsJTNEJTIyJTIzZmYwMDAwJTIyJTIwZmlsbC1vcGFjaXR5JTNEJTIyMCUyMiUyMGlkJTNEJTIyc3ZnXzEwJTIyJTIwc3Ryb2tlJTNEJTIyJTIzMDAwMDAwJTIyJTIwc3Ryb2tlLW9wYWNpdHklM0QlMjIwJTIyJTIwc3Ryb2tlLXdpZHRoJTNEJTIyNSUyMiUyRiUzRSUwQSUyMCUyMCUzQyUyRmElM0UlMEElMjAlMjAlM0NhJTIwaWQlM0QlMjJzdmdfMjAlMjIlMjB4bGluayUzQWhyZWYlM0QlMjJodHRwcyUzQSUyRiUyRm1yY3RjZW50ZXIub3JnJTJGY2xpbmljYWwtdHJpYWwtY29tcGV0ZW5jeSUyRmZyYW1ld29yayUyRmRvbWFpbnMtc3BhbmlzaCUyRiUyM2RvbWFpbjUlMjIlM0UlMEElMjAlMjAlMjAlM0NwYXRoJTIwZCUzRCUyMm0zNjAuODc0OTkxJTJDMjQzLjk2MzA1OWMwJTJDMCUyMDElMkMxMTElMjAxJTJDMTExYzAlMkMwJTIwLTEwOSUyQzMlMjAtMTA5Ljg3NDk5MSUyQzIuMDM2OTQxYy0wLjg3NDk5MSUyQy0wLjk2MzA1OSUyMDEwOC44NzQ5OTElMkMtMTEzLjAzNjk0MSUyMDEwOC44NzQ5OTElMkMtMTEzLjAzNjk0MXolMjIlMjBmaWxsJTNEJTIyJTIzZmYwMDAwJTIyJTIwZmlsbC0lMEFvcGFjaXR5JTNEJTIyMC4wMSUyMiUyMGlkJTNEJTIyc3ZnXzExJTIyJTIwc3Ryb2tlJTNEJTIyJTIzMDAwMDAwJTIyJTIwc3Ryb2tlLW9wYWNpdHklM0QlMjIwJTIyJTIwc3Ryb2tlLXdpZHRoJTNEJTIyNSUyMiUyRiUzRSUwQSUyMCUyMCUzQyUyRmElM0UlMEElMjAlMjAlM0NhJTIwaWQlM0QlMjJzdmdfMjElMjIlMjB4bGluayUzQWhyZWYlM0QlMjJodHRwcyUzQSUyRiUyRm1yY3RjZW50ZXIub3JnJTJGY2xpbmljYWwtdHJpYWwtY29tcGV0ZW5jeSUyRmZyYW1ld29yayUyRmRvbWFpbnMtc3BhbmlzaCUyRiUyM2RvbWFpbjYlMjIlM0UlMEElMjAlMjAlMjAlM0NwYXRoJTIwZCUzRCUyMm0zMjIuODc0OTkxJTJDMjcyLjk2MzA1OWMwJTJDMCUyMC03OCUyQzgyJTIwLTc4JTJDODJjMCUyQzAlMjAtODAlMkMtNzYlMjAtODAuODc0OTkxJTJDLTc2Ljk2MzA1OWMtMC44NzQ5OTElMkMtMC45NjMwNTklMjAxNTguODc0OTkxJTJDLTUuMDM2OTQxJTIwMTU4Ljg3NDk5MSUyQy01LjAzNjk0MXolMjIlMjBmaWxsJTNEJTIyJTIzZmYwMDAwJTIyJTIwZmlsbC1vcGFjaXR5JTNEJTIyMC4wMiUyMiUyMGlkJTNEJTIyc3ZnXzEyJTIyJTIwc3Ryb2tlJTNEJTIyJTIzMDAwMDAwJTIyJTIwc3Ryb2tlLW9wYWNpdHklM0QlMjIwJTIyJTIwc3Ryb2tlLXdpZHRoJTNEJTIyNSUyMiUyRiUzRSUwQSUyMCUyMCUzQyUyRmElM0UlMEElMjAlMjAlM0NhJTIwaWQlM0QlMjJzdmdfMjIlMjIlMjB4bGluayUzQWhyZWYlM0QlMjJodHRwcyUzQSUyRiUyRm1yY3RjZW50ZXIub3JnJTJGY2xpbmljYWwtdHJpYWwtY29tcGV0ZW5jeSUyRmZyYW1ld29yayUyRmRvbWFpbnMtc3BhbmlzaCUyRiUyM2RvbWFpbjclMjIlM0UlMEElMjAlMjAlMjAlM0NwYXRoJTIwZCUzRCUyMm0xNTYuODc0OTkxJTJDMTYxLjk2MzA1OWMwJTJDMCUyMDUlMkMxMDYlMjA1JTJDMTA2YzAlMkMwJTIwMTE0JTJDMCUyMDExNCUyQzBjMCUyQzAlMjAtMTE5JTJDLTEwNiUyMC0xMTklMkMtMTA2eiUyMiUyMGZpbGwlM0QlMjIlMjNmZjAwMDAlMjIlMjBmaWxsLW9wYWNpdHklM0QlMjIwJTIyJTIwaWQlM0QlMjJzdmdfMTMlMjIlMjBzdHJva2UlM0QlMjIlMjMwMDAwMDAlMjIlMjBzdHJva2Utb3BhY2l0eSUzRCUyMjAlMjIlMjBzdHJva2Utd2lkdGglM0QlMjI1JTIyJTJGJTNFJTBBJTIwJTIwJTNDJTJGYSUzRSUwQSUyMCUyMCUzQ2ElMjBpZCUzRCUyMnN2Z18yMyUyMiUyMHhsaW5rJTNBaHJlZiUzRCUyMmh0dHBzJTNBJTJGJTJGbXJjdGNlbnRlci5vcmclMkZjbGluaWNhbC10cmlhbC1jb21wZXRlbmN5JTJGZnJhbWV3b3JrJTJGZG9tYWlucy1zcGFuaXNoJTJGJTIzZG9tYWluOCUyMiUzRSUwQSUyMCUyMCUyMCUzQ3BhdGglMjBkJTNEJTIybTIzNy44NzQ5OTElMkM3OS45NjMwNTljMCUyQzAlMjA0JTJDMTUwJTIwNCUyQzE1MGMwJTJDMCUyMC04MSUyQy03NyUyMC04MSUyQy03N2MwJTJDMCUyMDc3JTJDLTczJTIwNzclMkMtNzN6JTIyJTIwZmlsbCUzRCUyMiUyM2ZmMDAwMCUyMiUyMGZpbGwtb3BhY2l0eSUzRCUyMjAuMDElMjIlMjBpZCUzRCUyMnN2Z18xNCUyMiUyMHN0cm9rZSUzRCUyMiUyMzAwMDAwMCUyMiUyMHN0cm9rZS1vcGFjaXR5JTNEJTIyMC4wMSUyMiUyMHN0cm9rZS13aWR0aCUzRCUyMjUlMjIlMkYlM0UlMEElMjAlMjAlM0MlMkZhJTNFJTBBJTA5JTNDJTJGc3ZnJTNFJTBBJTNDJTJGZmlndXJlJTNF[\/vc_raw_html][\/vc_column][\/vc_row][vc_row][vc_column width=&#8221;1\/4&#8243;][\/vc_column][vc_column width=&#8221;1\/4&#8243; css=&#8221;.vc_custom_1586364331993{padding-left: -20px !important;}&#8221;][\/vc_column][vc_column width=&#8221;1\/4&#8243;][\/vc_column][vc_column width=&#8221;1\/4&#8243;][\/vc_column][\/vc_row]<\/p>\n<\/section>","protected":false},"excerpt":{"rendered":"<p>[vc_row css=&#8221;.vc_custom_1586364754811{padding-top: -50px !important;}&#8221;][vc_column][vc_empty_space][vc_column_text] El Joint Task Force for Clinical Trial Competency (JTF) [\/vc_column_text][\/vc_column][\/vc_row][vc_row][vc_column width=&#8221;1\/3&#8243;][vc_column_text]El Joint Task Force for Clinical Trial Competency (JTF) es un equipo internacional de investigadores, educadores y profesionales de la investigaci\u00f3n cl\u00ednica que est\u00e1n comprometidos a proveer investigadores con la direcci\u00f3n y herramientas para asegurar la competencia profesional de todos miembros [&hellip;]<\/p>\n","protected":false},"author":5,"featured_media":0,"parent":563,"menu_order":0,"comment_status":"closed","ping_status":"closed","template":"template-sub.php","meta":{"footnotes":""},"class_list":["post-802","page","type-page","status-publish","hentry"],"acf":[],"yoast_head":"<!-- This site is optimized with the Yoast SEO Premium plugin v25.0 (Yoast SEO v25.0) - https:\/\/yoast.com\/wordpress\/plugins\/seo\/ -->\n<title>Spanish - Joint Task Force for Clinical Trial Competency<\/title>\n<meta name=\"robots\" content=\"index, follow, max-snippet:-1, max-image-preview:large, max-video-preview:-1\" \/>\n<link rel=\"canonical\" href=\"https:\/\/mrctcenter.org\/clinical-trial-competency\/framework\/translations\/spanish-2\/\" \/>\n<meta property=\"og:locale\" content=\"en_US\" \/>\n<meta property=\"og:type\" content=\"article\" \/>\n<meta property=\"og:title\" content=\"Spanish\" \/>\n<meta property=\"og:description\" content=\"[vc_row css=&#8221;.vc_custom_1586364754811{padding-top: -50px !important;}&#8221;][vc_column][vc_empty_space][vc_column_text] El Joint Task Force for Clinical Trial Competency (JTF) [\/vc_column_text][\/vc_column][\/vc_row][vc_row][vc_column width=&#8221;1\/3&#8243;][vc_column_text]El Joint Task Force for Clinical Trial Competency (JTF) es un equipo internacional de investigadores, educadores y profesionales de la investigaci\u00f3n cl\u00ednica que est\u00e1n comprometidos a proveer investigadores con la direcci\u00f3n y herramientas para asegurar la competencia profesional de todos miembros [&hellip;]\" \/>\n<meta property=\"og:url\" content=\"https:\/\/mrctcenter.org\/clinical-trial-competency\/framework\/translations\/spanish-2\/\" \/>\n<meta property=\"og:site_name\" content=\"Joint Task Force for Clinical Trial Competency\" \/>\n<meta name=\"twitter:card\" content=\"summary_large_image\" \/>\n<meta name=\"twitter:label1\" content=\"Est. reading time\" \/>\n\t<meta name=\"twitter:data1\" content=\"1 minute\" \/>\n<script type=\"application\/ld+json\" class=\"yoast-schema-graph\">{\"@context\":\"https:\/\/schema.org\",\"@graph\":[{\"@type\":\"WebPage\",\"@id\":\"https:\/\/mrctcenter.org\/clinical-trial-competency\/framework\/translations\/spanish-2\/\",\"url\":\"https:\/\/mrctcenter.org\/clinical-trial-competency\/framework\/translations\/spanish-2\/\",\"name\":\"Spanish - Joint Task Force for Clinical Trial Competency\",\"isPartOf\":{\"@id\":\"https:\/\/mrctcenter.org\/clinical-trial-competency\/#website\"},\"datePublished\":\"2019-05-22T13:33:10+00:00\",\"breadcrumb\":{\"@id\":\"https:\/\/mrctcenter.org\/clinical-trial-competency\/framework\/translations\/spanish-2\/#breadcrumb\"},\"inLanguage\":\"en-US\",\"potentialAction\":[{\"@type\":\"ReadAction\",\"target\":[\"https:\/\/mrctcenter.org\/clinical-trial-competency\/framework\/translations\/spanish-2\/\"]}]},{\"@type\":\"BreadcrumbList\",\"@id\":\"https:\/\/mrctcenter.org\/clinical-trial-competency\/framework\/translations\/spanish-2\/#breadcrumb\",\"itemListElement\":[{\"@type\":\"ListItem\",\"position\":1,\"name\":\"Home\",\"item\":\"https:\/\/mrctcenter.org\/clinical-trial-competency\/\"},{\"@type\":\"ListItem\",\"position\":2,\"name\":\"Framework\",\"item\":\"https:\/\/mrctcenter.org\/clinical-trial-competency\/framework\/\"},{\"@type\":\"ListItem\",\"position\":3,\"name\":\"JTF Framework Translations\",\"item\":\"https:\/\/mrctcenter.org\/clinical-trial-competency\/framework\/translations\/\"},{\"@type\":\"ListItem\",\"position\":4,\"name\":\"Spanish\"}]},{\"@type\":\"WebSite\",\"@id\":\"https:\/\/mrctcenter.org\/clinical-trial-competency\/#website\",\"url\":\"https:\/\/mrctcenter.org\/clinical-trial-competency\/\",\"name\":\"Joint Task Force for Clinical Trial Competency\",\"description\":\"\",\"publisher\":{\"@id\":\"https:\/\/mrctcenter.org\/clinical-trial-competency\/#organization\"},\"potentialAction\":[{\"@type\":\"SearchAction\",\"target\":{\"@type\":\"EntryPoint\",\"urlTemplate\":\"https:\/\/mrctcenter.org\/clinical-trial-competency\/?s={search_term_string}\"},\"query-input\":{\"@type\":\"PropertyValueSpecification\",\"valueRequired\":true,\"valueName\":\"search_term_string\"}}],\"inLanguage\":\"en-US\"},{\"@type\":\"Organization\",\"@id\":\"https:\/\/mrctcenter.org\/clinical-trial-competency\/#organization\",\"name\":\"Joint Task Force for Clinical Trial Competency\",\"url\":\"https:\/\/mrctcenter.org\/clinical-trial-competency\/\",\"logo\":{\"@type\":\"ImageObject\",\"inLanguage\":\"en-US\",\"@id\":\"https:\/\/mrctcenter.org\/clinical-trial-competency\/#\/schema\/logo\/image\/\",\"url\":\"https:\/\/mrctcenter.org\/clinical-trial-competency\/wp-content\/uploads\/sites\/4\/2019\/01\/download.png\",\"contentUrl\":\"https:\/\/mrctcenter.org\/clinical-trial-competency\/wp-content\/uploads\/sites\/4\/2019\/01\/download.png\",\"width\":596,\"height\":156,\"caption\":\"Joint Task Force for Clinical Trial Competency\"},\"image\":{\"@id\":\"https:\/\/mrctcenter.org\/clinical-trial-competency\/#\/schema\/logo\/image\/\"}}]}<\/script>\n<!-- \/ Yoast SEO Premium plugin. -->","yoast_head_json":{"title":"Spanish - Joint Task Force for Clinical Trial Competency","robots":{"index":"index","follow":"follow","max-snippet":"max-snippet:-1","max-image-preview":"max-image-preview:large","max-video-preview":"max-video-preview:-1"},"canonical":"https:\/\/mrctcenter.org\/clinical-trial-competency\/framework\/translations\/spanish-2\/","og_locale":"en_US","og_type":"article","og_title":"Spanish","og_description":"[vc_row css=&#8221;.vc_custom_1586364754811{padding-top: -50px !important;}&#8221;][vc_column][vc_empty_space][vc_column_text] El Joint Task Force for Clinical Trial Competency (JTF) [\/vc_column_text][\/vc_column][\/vc_row][vc_row][vc_column width=&#8221;1\/3&#8243;][vc_column_text]El Joint Task Force for Clinical Trial Competency (JTF) es un equipo internacional de investigadores, educadores y profesionales de la investigaci\u00f3n cl\u00ednica que est\u00e1n comprometidos a proveer investigadores con la direcci\u00f3n y herramientas para asegurar la competencia profesional de todos miembros [&hellip;]","og_url":"https:\/\/mrctcenter.org\/clinical-trial-competency\/framework\/translations\/spanish-2\/","og_site_name":"Joint Task Force for Clinical Trial Competency","twitter_card":"summary_large_image","twitter_misc":{"Est. reading time":"1 minute"},"schema":{"@context":"https:\/\/schema.org","@graph":[{"@type":"WebPage","@id":"https:\/\/mrctcenter.org\/clinical-trial-competency\/framework\/translations\/spanish-2\/","url":"https:\/\/mrctcenter.org\/clinical-trial-competency\/framework\/translations\/spanish-2\/","name":"Spanish - Joint Task Force for Clinical Trial Competency","isPartOf":{"@id":"https:\/\/mrctcenter.org\/clinical-trial-competency\/#website"},"datePublished":"2019-05-22T13:33:10+00:00","breadcrumb":{"@id":"https:\/\/mrctcenter.org\/clinical-trial-competency\/framework\/translations\/spanish-2\/#breadcrumb"},"inLanguage":"en-US","potentialAction":[{"@type":"ReadAction","target":["https:\/\/mrctcenter.org\/clinical-trial-competency\/framework\/translations\/spanish-2\/"]}]},{"@type":"BreadcrumbList","@id":"https:\/\/mrctcenter.org\/clinical-trial-competency\/framework\/translations\/spanish-2\/#breadcrumb","itemListElement":[{"@type":"ListItem","position":1,"name":"Home","item":"https:\/\/mrctcenter.org\/clinical-trial-competency\/"},{"@type":"ListItem","position":2,"name":"Framework","item":"https:\/\/mrctcenter.org\/clinical-trial-competency\/framework\/"},{"@type":"ListItem","position":3,"name":"JTF Framework Translations","item":"https:\/\/mrctcenter.org\/clinical-trial-competency\/framework\/translations\/"},{"@type":"ListItem","position":4,"name":"Spanish"}]},{"@type":"WebSite","@id":"https:\/\/mrctcenter.org\/clinical-trial-competency\/#website","url":"https:\/\/mrctcenter.org\/clinical-trial-competency\/","name":"Joint Task Force for Clinical Trial Competency","description":"","publisher":{"@id":"https:\/\/mrctcenter.org\/clinical-trial-competency\/#organization"},"potentialAction":[{"@type":"SearchAction","target":{"@type":"EntryPoint","urlTemplate":"https:\/\/mrctcenter.org\/clinical-trial-competency\/?s={search_term_string}"},"query-input":{"@type":"PropertyValueSpecification","valueRequired":true,"valueName":"search_term_string"}}],"inLanguage":"en-US"},{"@type":"Organization","@id":"https:\/\/mrctcenter.org\/clinical-trial-competency\/#organization","name":"Joint Task Force for Clinical Trial Competency","url":"https:\/\/mrctcenter.org\/clinical-trial-competency\/","logo":{"@type":"ImageObject","inLanguage":"en-US","@id":"https:\/\/mrctcenter.org\/clinical-trial-competency\/#\/schema\/logo\/image\/","url":"https:\/\/mrctcenter.org\/clinical-trial-competency\/wp-content\/uploads\/sites\/4\/2019\/01\/download.png","contentUrl":"https:\/\/mrctcenter.org\/clinical-trial-competency\/wp-content\/uploads\/sites\/4\/2019\/01\/download.png","width":596,"height":156,"caption":"Joint Task Force for Clinical Trial Competency"},"image":{"@id":"https:\/\/mrctcenter.org\/clinical-trial-competency\/#\/schema\/logo\/image\/"}}]}},"_links":{"self":[{"href":"https:\/\/mrctcenter.org\/clinical-trial-competency\/wp-json\/wp\/v2\/pages\/802"}],"collection":[{"href":"https:\/\/mrctcenter.org\/clinical-trial-competency\/wp-json\/wp\/v2\/pages"}],"about":[{"href":"https:\/\/mrctcenter.org\/clinical-trial-competency\/wp-json\/wp\/v2\/types\/page"}],"author":[{"embeddable":true,"href":"https:\/\/mrctcenter.org\/clinical-trial-competency\/wp-json\/wp\/v2\/users\/5"}],"replies":[{"embeddable":true,"href":"https:\/\/mrctcenter.org\/clinical-trial-competency\/wp-json\/wp\/v2\/comments?post=802"}],"version-history":[{"count":0,"href":"https:\/\/mrctcenter.org\/clinical-trial-competency\/wp-json\/wp\/v2\/pages\/802\/revisions"}],"up":[{"embeddable":true,"href":"https:\/\/mrctcenter.org\/clinical-trial-competency\/wp-json\/wp\/v2\/pages\/563"}],"wp:attachment":[{"href":"https:\/\/mrctcenter.org\/clinical-trial-competency\/wp-json\/wp\/v2\/media?parent=802"}],"curies":[{"name":"wp","href":"https:\/\/api.w.org\/{rel}","templated":true}]}}