{"id":1738,"date":"2022-07-06T18:06:41","date_gmt":"2022-07-06T22:06:41","guid":{"rendered":"https:\/\/mrctcenter.org\/clinical-trial-competency\/?page_id=1738"},"modified":"2024-05-21T15:47:30","modified_gmt":"2024-05-21T15:47:30","slug":"french","status":"publish","type":"page","link":"https:\/\/mrctcenter.org\/clinical-trial-competency\/framework\/translations\/french\/","title":{"rendered":"French"},"content":{"rendered":"<section class=\"wpb-content-wrapper\"><p>[vc_row css=&#8221;.vc_custom_1586364754811{padding-top: -50px !important;}&#8221;][vc_column][vc_empty_space][vc_column_text]<\/p>\n<h2><strong>Le groupe de travail conjoint pour la comp\u00e9tence en essais cliniques (JTF)<\/strong><\/h2>\n<h2>[\/vc_column_text][\/vc_column][\/vc_row][vc_row][vc_column width=&#8221;1\/2&#8243;][vc_column_text]Le groupe de travail conjoint sur la comp\u00e9tence en mati\u00e8re d&#8217;essais cliniques (JTF) est une \u00e9quipe internationale de chercheurs, d&#8217;\u00e9ducateurs et de professionnels de la recherche clinique qui s&#8217;engage \u00e0 fournir aux chercheurs la direction et les outils n\u00e9cessaires pour assurer la comp\u00e9tence professionnelle de tous les membres de l&#8217;\u00e9quipe de recherche. Le diagramme en \u00ab\u00a0roue\u00a0\u00bb repr\u00e9sente le cadre de comp\u00e9tences JTF compos\u00e9 de 8 domaines de comp\u00e9tences.[\/vc_column_text][vc_column_text]<\/h2>\n<h2><strong>Domaines et comp\u00e9tences nivel\u00e9es<\/strong><\/h2>\n<h2><\/h2>\n<p>Cliquez sur chaque domaine \u00e0 droite pour afficher les \u00e9nonc\u00e9s de comp\u00e9tences sp\u00e9cifiques d\u00e9taillant les comp\u00e9tences de base requises aux niveaux de base, moyen et expert pour mener une recherche clinique s\u00fbre, \u00e9thique et efficace.\u00a0Consultez la liste compl\u00e8te des domaines et des comp\u00e9tences ici.[\/vc_column_text][vc_btn title=&#8221;T\u00e9l\u00e9charger&#8221; style=&#8221;outline-custom&#8221; outline_custom_color=&#8221;#1a94b2&#8243; outline_custom_hover_background=&#8221;#9fdcea&#8221; outline_custom_hover_text=&#8221;#1a94b2&#8243; shape=&#8221;square&#8221; align=&#8221;center&#8221; button_block=&#8221;true&#8221; link=&#8221;url:https%3A%2F%2Fmrctcenter.org%2Fclinical-trial-competency%2Fdownload%2F2617%2F%3Ftmstv%3D1716306401|target:_blank&#8221;][vc_column_text css=&#8221;.vc_custom_1655753134593{margin-top: -20px !important;}&#8221;]<\/p>\n<p style=\"text-align: left;\">T\u00e9l\u00e9charger le r\u00e9f\u00e9rentiel de comp\u00e9tences niveau JTF<\/p>\n<p>[\/vc_column_text][\/vc_column][vc_column width=&#8221;1\/2&#8243;][vc_raw_html]JTNDZmlndXJlJTIwaWQlM0QlMjJ3aGVlbCUyMiUzRSUwQSUyMCUyMCUzQ3N2ZyUyMHZlcnNpb24lM0QlMjIxLjElMjIlMjB4bWxucyUzRCUyMmh0dHAlM0ElMkYlMkZ3d3cudzMub3JnJTJGMjAwMCUyRnN2ZyUyMiUyMHhtbG5zJTNBeGxpbmslM0QlMjJodHRwJTNBJTJGJTJGd3d3LnczLm9yZyUyRjE5OTklMkZ4bGluayUyMiUyMHZpZXdCb3glM0QlMjIxMDAlMjA1MCUyMDQwMCUyMDQwMCUyMiUyMHByZXNlcnZlQXNwZWN0UmF0aW8lM0QlMjJ4TWluWU1pbiUyMG1lZXQlMjIlM0UlMEElMjAlMjAlMjAlMjAlM0NpbWFnZSUyMHdpZHRoJTNEJTIyMzcwJTIyJTIwaGVpZ2h0JTNEJTIyNDA1JTIyJTIweGxpbmslM0FocmVmJTNEJTIyaHR0cHMlM0ElMkYlMkZtcmN0Y2VudGVyLm9yZyUyRmNsaW5pY2FsLXRyaWFsLWNvbXBldGVuY3klMkZ3cC1jb250ZW50JTJGdXBsb2FkcyUyRnNpdGVzJTJGNCUyRjIwMjQlMkYwNSUyRkpURl9XaGVlbF9GcmVuY2hfTG9nb3NfdjMuanBnJTIyJTIweCUzRCUyMjEyMCUyMiUyMHklM0QlMjI0MCUyMiUzRSUwQSUyMCUyMCUyMCUyMCUzQyUyRmltYWdlJTNFJTBBJTIwJTIwJTIwJTIwJTNDYSUyMGlkJTNEJTIyc3ZnXzE2JTIyJTIweGxpbmslM0FocmVmJTNEJTIyaHR0cHMlM0ElMkYlMkZtcmN0Y2VudGVyLm9yZyUyRmNsaW5pY2FsLXRyaWFsLWNvbXBldGVuY3klMkZmcmFtZXdvcmslMkZkb21haW5zLWZyZW5jaCUyRiUyM2RvbWFpbjElMjIlM0UlMEElMjAlMjAlMjAlMjAlMjAlMjAlM0NwYXRoJTIwZCUzRCUyMm0yNDcuODc0OTkxJTJDNzMuOTYzMDU5YzAlMkMwJTIwMiUyQzEwOCUyMDIlMkMxMDhjMCUyQzAlMjAxMDklMkMtMTEyJTIwMTA5JTJDLTExMmMwJTJDMCUyMC0xMTElMkM0JTIwLTExMSUyQzR6JTIyJTIwZmlsbCUzRCUyMiUyM2ZmMDAwMCUyMiUyMGZpbGwtb3BhY2l0eSUzRCUyMjAlMjIlMjBpZCUzRCUyMnN2Z183JTIyJTIwc3Ryb2tlJTNEJTIyJTIzMDAwMDAwJTIyJTIwc3Ryb2tlLW9wYWNpdHklM0QlMjIwJTIyJTIwc3Ryb2tlLXdpZHRoJTNEJTIyNSUyMiUyRiUzRSUwQSUyMCUyMCUyMCUyMCUzQyUyRmElM0UlMEElMjAlMjAlMjAlMjAlM0NhJTIwaWQlM0QlMjJzdmdfMTclMjIlMjB4bGluayUzQWhyZWYlM0QlMjJodHRwcyUzQSUyRiUyRm1yY3RjZW50ZXIub3JnJTJGY2xpbmljYWwtdHJpYWwtY29tcGV0ZW5jeSUyRmZyYW1ld29yayUyRmRvbWFpbnMtZnJlbmNoJTJGJTIzZG9tYWluMiUyMiUzRSUwQSUyMCUyMCUyMCUyMCUyMCUyMCUzQ3BhdGglMjBkJTNEJTIybTQzOC44NzQ5OTElMkMxNDkuOTYzMDU5YzAlMkMwJTIwLTE0OSUyQzMlMjAtMTQ5JTJDM2MwJTJDMCUyMDc2JTJDLTc3JTIwNzUuMTI1MDA5JTJDLTc3Ljk2MzA1OWMtMC44NzQ5OTElMkMtMC45NjMwNTklMjA3My44NzQ5OTElMkM3NC45NjMwNTklMjA3My44NzQ5OTElMkM3NC45NjMwNTl6JTIyJTIwZmlsbCUzRCUyMiUyM2ZmMDAwMCUyMiUyMGZpbGwtb3BhY2l0eSUzRCUyMjAuMDQlMjIlMjBpZCUzRCUyMnN2Z184JTIyJTIwc3Ryb2tlJTNEJTIyJTIzMDAwMDAwJTIyJTIwc3Ryb2tlLW9wYWNpdHklM0QlMjIwJTIyJTIwc3Ryb2tlLXdpZHRoJTNEJTIyNSUyMiUyRiUzRSUwQSUyMCUyMCUyMCUyMCUzQyUyRmElM0UlMEElMjAlMjAlMjAlMjAlM0NhJTIwaWQlM0QlMjJzdmdfMTglMjIlMjB4bGluayUzQWhyZWYlM0QlMjJodHRwcyUzQSUyRiUyRm1yY3RjZW50ZXIub3JnJTJGY2xpbmljYWwtdHJpYWwtY29tcGV0ZW5jeSUyRmZyYW1ld29yayUyRmRvbWFpbnMtZnJlbmNoJTJGJTIzZG9tYWluMyUyMiUzRSUwQSUyMCUyMCUyMCUyMCUyMCUyMCUzQ3BhdGglMjBkJTNEJTIybTMzNi44NzQ5OTElMkMxNTcuOTYzMDU5YzAlMkMwJTIwMTEwJTJDMTA5JTIwMTEwJTJDMTA5YzAlMkMwJTIwMyUyQy0xMDklMjAzJTJDLTEwOWMwJTJDMCUyMC0xMTMlMkMwJTIwLTExMyUyQzB6JTIyJTIwZmlsbCUzRCUyMiUyM2ZmMDAwMCUyMiUyMGZpbGwtb3BhY2l0eSUzRCUyMjAuMDIlMjIlMjBpZCUzRCUyMnN2Z185JTIyJTIwc3Ryb2tlJTNEJTIyJTIzMDAwMDAwJTIyJTIwc3Ryb2tlLW9wYWNpdHklM0QlMjIwJTIyJTIwc3Ryb2tlLXdpZHRoJTNEJTIyNSUyMiUyRiUzRSUwQSUyMCUyMCUyMCUyMCUzQyUyRmElM0UlMEElMjAlMjAlMjAlMjAlM0NhJTIwaWQlM0QlMjJzdmdfMTklMjIlMjB4bGluayUzQWhyZWYlM0QlMjJodHRwcyUzQSUyRiUyRm1yY3RjZW50ZXIub3JnJTJGY2xpbmljYWwtdHJpYWwtY29tcGV0ZW5jeSUyRmZyYW1ld29yayUyRmRvbWFpbnMtZnJlbmNoJTJGJTIzZG9tYWluNCUyMiUzRSUwQSUyMCUyMCUyMCUyMCUyMCUyMCUzQ3BhdGglMjBkJTNEJTIybTM2OC44NzQ5OTElMkMxOTcuOTYzMDU5YzAlMkMwJTIwNzYlMkM3OCUyMDc2JTJDNzhjMCUyQzAlMjAtNzUlMkM3MyUyMC03NSUyQzczYzAlMkMwJTIwLTElMkMtMTUxJTIwLTElMkMtMTUxeiUyMiUyMGZpbGwlM0QlMjIlMjNmZjAwMDAlMjIlMjBmaWxsLW9wYWNpdHklM0QlMjIwJTIyJTIwaWQlM0QlMjJzdmdfMTAlMjIlMjBzdHJva2UlM0QlMjIlMjMwMDAwMDAlMjIlMjBzdHJva2Utb3BhY2l0eSUzRCUyMjAlMjIlMjBzdHJva2Utd2lkdGglM0QlMjI1JTIyJTJGJTNFJTBBJTIwJTIwJTIwJTIwJTNDJTJGYSUzRSUwQSUyMCUyMCUyMCUyMCUzQ2ElMjBpZCUzRCUyMnN2Z18yMCUyMiUyMHhsaW5rJTNBaHJlZiUzRCUyMmh0dHBzJTNBJTJGJTJGbXJjdGNlbnRlci5vcmclMkZjbGluaWNhbC10cmlhbC1jb21wZXRlbmN5JTJGZnJhbWV3b3JrJTJGZG9tYWlucy1mcmVuY2glMkYlMjNkb21haW41JTIyJTNFJTBBJTIwJTIwJTIwJTIwJTIwJTIwJTNDcGF0aCUyMGQlM0QlMjJtMzYwLjg3NDk5MSUyQzI0My45NjMwNTljMCUyQzAlMjAxJTJDMTExJTIwMSUyQzExMWMwJTJDMCUyMC0xMDklMkMzJTIwLTEwOS44NzQ5OTElMkMyLjAzNjk0MWMtMC44NzQ5OTElMkMtMC45NjMwNTklMjAxMDguODc0OTkxJTJDLTExMy4wMzY5NDElMjAxMDguODc0OTkxJTJDLTExMy4wMzY5NDF6JTIyJTIwZmlsbCUzRCUyMiUyM2ZmMDAwMCUyMiUyMGZpbGwtb3BhY2l0eSUzRCUyMjAuMDElMjIlMjBpZCUzRCUyMnN2Z18xMSUyMiUyMHN0cm9rZSUzRCUyMiUyMzAwMDAwMCUyMiUyMHN0cm9rZS1vcGFjaXR5JTNEJTIyMCUyMiUyMHN0cm9rZS13aWR0aCUzRCUyMjUlMjIlMkYlM0UlMEElMjAlMjAlMjAlMjAlM0MlMkZhJTNFJTBBJTIwJTIwJTIwJTIwJTNDYSUyMGlkJTNEJTIyc3ZnXzIxJTIyJTIweGxpbmslM0FocmVmJTNEJTIyaHR0cHMlM0ElMkYlMkZtcmN0Y2VudGVyLm9yZyUyRmNsaW5pY2FsLXRyaWFsLWNvbXBldGVuY3klMkZmcmFtZXdvcmslMkZkb21haW5zLWZyZW5jaCUyRiUyM2RvbWFpbjYlMjIlM0UlMEElMjAlMjAlMjAlMjAlMjAlMjAlM0NwYXRoJTIwZCUzRCUyMm0zMjIuODc0OTkxJTJDMjcyLjk2MzA1OWMwJTJDMCUyMC03OCUyQzgyJTIwLTc4JTJDODJjMCUyQzAlMjAtODAlMkMtNzYlMjAtODAuODc0OTkxJTJDLTc2Ljk2MzA1OWMtMC44NzQ5OTElMkMtMC45NjMwNTklMjAxNTguODc0OTkxJTJDLTUuMDM2OTQxJTIwMTU4Ljg3NDk5MSUyQy01LjAzNjk0MXolMjIlMjBmaWxsJTNEJTIyJTIzZmYwMDAwJTIyJTIwZmlsbC1vcGFjaXR5JTNEJTIyMC4wMiUyMiUyMGlkJTNEJTIyc3ZnXzEyJTIyJTIwc3Ryb2tlJTNEJTIyJTIzMDAwMDAwJTIyJTIwc3Ryb2tlLW9wYWNpdHklM0QlMjIwJTIyJTIwc3Ryb2tlLXdpZHRoJTNEJTIyNSUyMiUyRiUzRSUwQSUyMCUyMCUyMCUyMCUzQyUyRmElM0UlMEElMjAlMjAlMjAlMjAlM0NhJTIwaWQlM0QlMjJzdmdfMjIlMjIlMjB4bGluayUzQWhyZWYlM0QlMjJodHRwcyUzQSUyRiUyRm1yY3RjZW50ZXIub3JnJTJGY2xpbmljYWwtdHJpYWwtY29tcGV0ZW5jeSUyRmZyYW1ld29yayUyRmRvbWFpbnMtZnJlbmNoJTJGJTIzZG9tYWluNyUyMiUzRSUwQSUyMCUyMCUyMCUyMCUyMCUyMCUzQ3BhdGglMjBkJTNEJTIybTE1Ni44NzQ5OTElMkMxNjEuOTYzMDU5YzAlMkMwJTIwNSUyQzEwNiUyMDUlMkMxMDZjMCUyQzAlMjAxMTQlMkMwJTIwMTE0JTJDMGMwJTJDMCUyMC0xMTklMkMtMTA2JTIwLTExOSUyQy0xMDZ6JTIyJTIwZmlsbCUzRCUyMiUyM2ZmMDAwMCUyMiUyMGZpbGwtb3BhY2l0eSUzRCUyMjAlMjIlMjBpZCUzRCUyMnN2Z18xMyUyMiUyMHN0cm9rZSUzRCUyMiUyMzAwMDAwMCUyMiUyMHN0cm9rZS1vcGFjaXR5JTNEJTIyMCUyMiUyMHN0cm9rZS13aWR0aCUzRCUyMjUlMjIlMkYlM0UlMEElMjAlMjAlMjAlMjAlM0MlMkZhJTNFJTBBJTIwJTIwJTIwJTIwJTNDYSUyMGlkJTNEJTIyc3ZnXzIzJTIyJTIweGxpbmslM0FocmVmJTNEJTIyaHR0cHMlM0ElMkYlMkZtcmN0Y2VudGVyLm9yZyUyRmNsaW5pY2FsLXRyaWFsLWNvbXBldGVuY3klMkZmcmFtZXdvcmslMkZkb21haW5zLWZyZW5jaCUyRiUyM2RvbWFpbjglMjIlM0UlMEElMjAlMjAlMjAlMjAlMjAlMjAlM0NwYXRoJTIwZCUzRCUyMm0yMzcuODc0OTkxJTJDNzkuOTYzMDU5YzAlMkMwJTIwNCUyQzE1MCUyMDQlMkMxNTBjMCUyQzAlMjAtODElMkMtNzclMjAtODElMkMtNzdjMCUyQzAlMjA3NyUyQy03MyUyMDc3JTJDLTczeiUyMiUyMGZpbGwlM0QlMjIlMjNmZjAwMDAlMjIlMjBmaWxsLW9wYWNpdHklM0QlMjIwLjAxJTIyJTIwaWQlM0QlMjJzdmdfMTQlMjIlMjBzdHJva2UlM0QlMjIlMjMwMDAwMDAlMjIlMjBzdHJva2Utb3BhY2l0eSUzRCUyMjAuMDElMjIlMjBzdHJva2Utd2lkdGglM0QlMjI1JTIyJTJGJTNFJTBBJTIwJTIwJTIwJTIwJTNDJTJGYSUzRSUwQSUyMCUyMCUzQyUyRnN2ZyUzRSUwQSUzQyUyRmZpZ3VyZSUzRSUwQSUwQQ==[\/vc_raw_html][\/vc_column][\/vc_row][vc_row][vc_column width=&#8221;1\/4&#8243;][\/vc_column][vc_column width=&#8221;1\/4&#8243; css=&#8221;.vc_custom_1586364331993{padding-left: -20px !important;}&#8221;][\/vc_column][vc_column width=&#8221;1\/4&#8243;][\/vc_column][vc_column width=&#8221;1\/4&#8243;][\/vc_column][\/vc_row]<\/p>\n<\/section>","protected":false},"excerpt":{"rendered":"<p>[vc_row css=&#8221;.vc_custom_1586364754811{padding-top: -50px !important;}&#8221;][vc_column][vc_empty_space][vc_column_text] Le groupe de travail conjoint pour la comp\u00e9tence en essais cliniques (JTF) [\/vc_column_text][\/vc_column][\/vc_row][vc_row][vc_column width=&#8221;1\/2&#8243;][vc_column_text]Le groupe de travail conjoint sur la comp\u00e9tence en mati\u00e8re d&#8217;essais cliniques (JTF) est une \u00e9quipe internationale de chercheurs, d&#8217;\u00e9ducateurs et de professionnels de la recherche clinique qui s&#8217;engage \u00e0 fournir aux chercheurs la direction et les outils [&hellip;]<\/p>\n","protected":false},"author":5,"featured_media":0,"parent":563,"menu_order":0,"comment_status":"closed","ping_status":"closed","template":"template-sub.php","meta":{"footnotes":""},"class_list":["post-1738","page","type-page","status-publish","hentry"],"acf":[],"yoast_head":"<!-- This site is optimized with the Yoast SEO Premium plugin v25.0 (Yoast SEO v25.0) - https:\/\/yoast.com\/wordpress\/plugins\/seo\/ -->\n<title>French - Joint Task Force for Clinical Trial Competency<\/title>\n<meta name=\"robots\" content=\"index, follow, max-snippet:-1, max-image-preview:large, max-video-preview:-1\" \/>\n<link rel=\"canonical\" href=\"https:\/\/mrctcenter.org\/clinical-trial-competency\/framework\/translations\/french\/\" \/>\n<meta property=\"og:locale\" content=\"en_US\" \/>\n<meta property=\"og:type\" content=\"article\" \/>\n<meta property=\"og:title\" content=\"French\" \/>\n<meta property=\"og:description\" content=\"[vc_row css=&#8221;.vc_custom_1586364754811{padding-top: -50px !important;}&#8221;][vc_column][vc_empty_space][vc_column_text] Le groupe de travail conjoint pour la comp\u00e9tence en essais cliniques (JTF) [\/vc_column_text][\/vc_column][\/vc_row][vc_row][vc_column width=&#8221;1\/2&#8243;][vc_column_text]Le groupe de travail conjoint sur la comp\u00e9tence en mati\u00e8re d&#8217;essais cliniques (JTF) est une \u00e9quipe internationale de chercheurs, d&#8217;\u00e9ducateurs et de professionnels de la recherche clinique qui s&#8217;engage \u00e0 fournir aux chercheurs la direction et les outils [&hellip;]\" \/>\n<meta property=\"og:url\" content=\"https:\/\/mrctcenter.org\/clinical-trial-competency\/framework\/translations\/french\/\" \/>\n<meta property=\"og:site_name\" content=\"Joint Task Force for Clinical Trial Competency\" \/>\n<meta property=\"article:modified_time\" content=\"2024-05-21T15:47:30+00:00\" \/>\n<meta name=\"twitter:card\" content=\"summary_large_image\" \/>\n<meta name=\"twitter:label1\" content=\"Est. reading time\" \/>\n\t<meta name=\"twitter:data1\" content=\"1 minute\" \/>\n<script type=\"application\/ld+json\" class=\"yoast-schema-graph\">{\"@context\":\"https:\/\/schema.org\",\"@graph\":[{\"@type\":\"WebPage\",\"@id\":\"https:\/\/mrctcenter.org\/clinical-trial-competency\/framework\/translations\/french\/\",\"url\":\"https:\/\/mrctcenter.org\/clinical-trial-competency\/framework\/translations\/french\/\",\"name\":\"French - Joint Task Force for Clinical Trial Competency\",\"isPartOf\":{\"@id\":\"https:\/\/mrctcenter.org\/clinical-trial-competency\/#website\"},\"datePublished\":\"2022-07-06T22:06:41+00:00\",\"dateModified\":\"2024-05-21T15:47:30+00:00\",\"breadcrumb\":{\"@id\":\"https:\/\/mrctcenter.org\/clinical-trial-competency\/framework\/translations\/french\/#breadcrumb\"},\"inLanguage\":\"en-US\",\"potentialAction\":[{\"@type\":\"ReadAction\",\"target\":[\"https:\/\/mrctcenter.org\/clinical-trial-competency\/framework\/translations\/french\/\"]}]},{\"@type\":\"BreadcrumbList\",\"@id\":\"https:\/\/mrctcenter.org\/clinical-trial-competency\/framework\/translations\/french\/#breadcrumb\",\"itemListElement\":[{\"@type\":\"ListItem\",\"position\":1,\"name\":\"Home\",\"item\":\"https:\/\/mrctcenter.org\/clinical-trial-competency\/\"},{\"@type\":\"ListItem\",\"position\":2,\"name\":\"Framework\",\"item\":\"https:\/\/mrctcenter.org\/clinical-trial-competency\/framework\/\"},{\"@type\":\"ListItem\",\"position\":3,\"name\":\"JTF Framework Translations\",\"item\":\"https:\/\/mrctcenter.org\/clinical-trial-competency\/framework\/translations\/\"},{\"@type\":\"ListItem\",\"position\":4,\"name\":\"French\"}]},{\"@type\":\"WebSite\",\"@id\":\"https:\/\/mrctcenter.org\/clinical-trial-competency\/#website\",\"url\":\"https:\/\/mrctcenter.org\/clinical-trial-competency\/\",\"name\":\"Joint Task Force for Clinical Trial Competency\",\"description\":\"\",\"publisher\":{\"@id\":\"https:\/\/mrctcenter.org\/clinical-trial-competency\/#organization\"},\"potentialAction\":[{\"@type\":\"SearchAction\",\"target\":{\"@type\":\"EntryPoint\",\"urlTemplate\":\"https:\/\/mrctcenter.org\/clinical-trial-competency\/?s={search_term_string}\"},\"query-input\":{\"@type\":\"PropertyValueSpecification\",\"valueRequired\":true,\"valueName\":\"search_term_string\"}}],\"inLanguage\":\"en-US\"},{\"@type\":\"Organization\",\"@id\":\"https:\/\/mrctcenter.org\/clinical-trial-competency\/#organization\",\"name\":\"Joint Task Force for Clinical Trial Competency\",\"url\":\"https:\/\/mrctcenter.org\/clinical-trial-competency\/\",\"logo\":{\"@type\":\"ImageObject\",\"inLanguage\":\"en-US\",\"@id\":\"https:\/\/mrctcenter.org\/clinical-trial-competency\/#\/schema\/logo\/image\/\",\"url\":\"https:\/\/mrctcenter.org\/clinical-trial-competency\/wp-content\/uploads\/sites\/4\/2019\/01\/download.png\",\"contentUrl\":\"https:\/\/mrctcenter.org\/clinical-trial-competency\/wp-content\/uploads\/sites\/4\/2019\/01\/download.png\",\"width\":596,\"height\":156,\"caption\":\"Joint Task Force for Clinical Trial Competency\"},\"image\":{\"@id\":\"https:\/\/mrctcenter.org\/clinical-trial-competency\/#\/schema\/logo\/image\/\"}}]}<\/script>\n<!-- \/ Yoast SEO Premium plugin. -->","yoast_head_json":{"title":"French - Joint Task Force for Clinical Trial Competency","robots":{"index":"index","follow":"follow","max-snippet":"max-snippet:-1","max-image-preview":"max-image-preview:large","max-video-preview":"max-video-preview:-1"},"canonical":"https:\/\/mrctcenter.org\/clinical-trial-competency\/framework\/translations\/french\/","og_locale":"en_US","og_type":"article","og_title":"French","og_description":"[vc_row css=&#8221;.vc_custom_1586364754811{padding-top: -50px !important;}&#8221;][vc_column][vc_empty_space][vc_column_text] Le groupe de travail conjoint pour la comp\u00e9tence en essais cliniques (JTF) [\/vc_column_text][\/vc_column][\/vc_row][vc_row][vc_column width=&#8221;1\/2&#8243;][vc_column_text]Le groupe de travail conjoint sur la comp\u00e9tence en mati\u00e8re d&#8217;essais cliniques (JTF) est une \u00e9quipe internationale de chercheurs, d&#8217;\u00e9ducateurs et de professionnels de la recherche clinique qui s&#8217;engage \u00e0 fournir aux chercheurs la direction et les outils [&hellip;]","og_url":"https:\/\/mrctcenter.org\/clinical-trial-competency\/framework\/translations\/french\/","og_site_name":"Joint Task Force for Clinical Trial Competency","article_modified_time":"2024-05-21T15:47:30+00:00","twitter_card":"summary_large_image","twitter_misc":{"Est. reading time":"1 minute"},"schema":{"@context":"https:\/\/schema.org","@graph":[{"@type":"WebPage","@id":"https:\/\/mrctcenter.org\/clinical-trial-competency\/framework\/translations\/french\/","url":"https:\/\/mrctcenter.org\/clinical-trial-competency\/framework\/translations\/french\/","name":"French - Joint Task Force for Clinical Trial Competency","isPartOf":{"@id":"https:\/\/mrctcenter.org\/clinical-trial-competency\/#website"},"datePublished":"2022-07-06T22:06:41+00:00","dateModified":"2024-05-21T15:47:30+00:00","breadcrumb":{"@id":"https:\/\/mrctcenter.org\/clinical-trial-competency\/framework\/translations\/french\/#breadcrumb"},"inLanguage":"en-US","potentialAction":[{"@type":"ReadAction","target":["https:\/\/mrctcenter.org\/clinical-trial-competency\/framework\/translations\/french\/"]}]},{"@type":"BreadcrumbList","@id":"https:\/\/mrctcenter.org\/clinical-trial-competency\/framework\/translations\/french\/#breadcrumb","itemListElement":[{"@type":"ListItem","position":1,"name":"Home","item":"https:\/\/mrctcenter.org\/clinical-trial-competency\/"},{"@type":"ListItem","position":2,"name":"Framework","item":"https:\/\/mrctcenter.org\/clinical-trial-competency\/framework\/"},{"@type":"ListItem","position":3,"name":"JTF Framework Translations","item":"https:\/\/mrctcenter.org\/clinical-trial-competency\/framework\/translations\/"},{"@type":"ListItem","position":4,"name":"French"}]},{"@type":"WebSite","@id":"https:\/\/mrctcenter.org\/clinical-trial-competency\/#website","url":"https:\/\/mrctcenter.org\/clinical-trial-competency\/","name":"Joint Task Force for Clinical Trial Competency","description":"","publisher":{"@id":"https:\/\/mrctcenter.org\/clinical-trial-competency\/#organization"},"potentialAction":[{"@type":"SearchAction","target":{"@type":"EntryPoint","urlTemplate":"https:\/\/mrctcenter.org\/clinical-trial-competency\/?s={search_term_string}"},"query-input":{"@type":"PropertyValueSpecification","valueRequired":true,"valueName":"search_term_string"}}],"inLanguage":"en-US"},{"@type":"Organization","@id":"https:\/\/mrctcenter.org\/clinical-trial-competency\/#organization","name":"Joint Task Force for Clinical Trial Competency","url":"https:\/\/mrctcenter.org\/clinical-trial-competency\/","logo":{"@type":"ImageObject","inLanguage":"en-US","@id":"https:\/\/mrctcenter.org\/clinical-trial-competency\/#\/schema\/logo\/image\/","url":"https:\/\/mrctcenter.org\/clinical-trial-competency\/wp-content\/uploads\/sites\/4\/2019\/01\/download.png","contentUrl":"https:\/\/mrctcenter.org\/clinical-trial-competency\/wp-content\/uploads\/sites\/4\/2019\/01\/download.png","width":596,"height":156,"caption":"Joint Task Force for Clinical Trial Competency"},"image":{"@id":"https:\/\/mrctcenter.org\/clinical-trial-competency\/#\/schema\/logo\/image\/"}}]}},"_links":{"self":[{"href":"https:\/\/mrctcenter.org\/clinical-trial-competency\/wp-json\/wp\/v2\/pages\/1738"}],"collection":[{"href":"https:\/\/mrctcenter.org\/clinical-trial-competency\/wp-json\/wp\/v2\/pages"}],"about":[{"href":"https:\/\/mrctcenter.org\/clinical-trial-competency\/wp-json\/wp\/v2\/types\/page"}],"author":[{"embeddable":true,"href":"https:\/\/mrctcenter.org\/clinical-trial-competency\/wp-json\/wp\/v2\/users\/5"}],"replies":[{"embeddable":true,"href":"https:\/\/mrctcenter.org\/clinical-trial-competency\/wp-json\/wp\/v2\/comments?post=1738"}],"version-history":[{"count":6,"href":"https:\/\/mrctcenter.org\/clinical-trial-competency\/wp-json\/wp\/v2\/pages\/1738\/revisions"}],"predecessor-version":[{"id":2622,"href":"https:\/\/mrctcenter.org\/clinical-trial-competency\/wp-json\/wp\/v2\/pages\/1738\/revisions\/2622"}],"up":[{"embeddable":true,"href":"https:\/\/mrctcenter.org\/clinical-trial-competency\/wp-json\/wp\/v2\/pages\/563"}],"wp:attachment":[{"href":"https:\/\/mrctcenter.org\/clinical-trial-competency\/wp-json\/wp\/v2\/media?parent=1738"}],"curies":[{"name":"wp","href":"https:\/\/api.w.org\/{rel}","templated":true}]}}